{"id":2,"date":"2025-07-18T07:44:52","date_gmt":"2025-07-18T07:44:52","guid":{"rendered":"https:\/\/goxo-goxo.rkinformatika.online\/?page_id=2"},"modified":"2025-07-21T13:06:07","modified_gmt":"2025-07-21T13:06:07","slug":"inicio","status":"publish","type":"page","link":"https:\/\/goxo-goxo.com\/eu\/","title":{"rendered":"inicio"},"content":{"rendered":"\t\t<div data-elementor-type=\"wp-page\" data-elementor-id=\"2\" class=\"elementor elementor-2\" data-elementor-post-type=\"page\">\n\t\t\t\t<div class=\"elementor-element elementor-element-9d1cb00 e-flex e-con-boxed e-con e-parent\" data-id=\"9d1cb00\" data-element_type=\"container\" data-e-type=\"container\" data-settings=\"{&quot;background_background&quot;:&quot;slideshow&quot;,&quot;background_slideshow_gallery&quot;:[{&quot;id&quot;:284,&quot;url&quot;:&quot;https:\\\/\\\/goxo-goxo.com\\\/wp-content\\\/uploads\\\/2025\\\/07\\\/assortment-of-baked-bread.jpg&quot;},{&quot;id&quot;:154,&quot;url&quot;:&quot;https:\\\/\\\/goxo-goxo.com\\\/wp-content\\\/uploads\\\/2025\\\/07\\\/bakery.jpg&quot;},{&quot;id&quot;:155,&quot;url&quot;:&quot;https:\\\/\\\/goxo-goxo.com\\\/wp-content\\\/uploads\\\/2025\\\/07\\\/bakery-in-bottles.jpg&quot;},{&quot;id&quot;:267,&quot;url&quot;:&quot;https:\\\/\\\/goxo-goxo.com\\\/wp-content\\\/uploads\\\/2025\\\/07\\\/a-beautiful-display-of-artisan-breads-and-a-variety-of-freshly-baked-goods-for-everyone-to-enjoy.jpg&quot;}],&quot;background_slideshow_loop&quot;:&quot;yes&quot;,&quot;background_slideshow_slide_duration&quot;:5000,&quot;background_slideshow_slide_transition&quot;:&quot;fade&quot;,&quot;background_slideshow_transition_duration&quot;:500}\">\n\t\t\t\t\t<div class=\"e-con-inner\">\n\t\t\t\t<div class=\"elementor-element elementor-element-58d9a42 elementor-headline--style-highlight elementor-widget elementor-widget-animated-headline\" data-id=\"58d9a42\" data-element_type=\"widget\" data-e-type=\"widget\" data-settings=\"{&quot;marker&quot;:&quot;underline&quot;,&quot;highlighted_text&quot;:&quot;Goxo-Goxo&quot;,&quot;headline_style&quot;:&quot;highlight&quot;,&quot;loop&quot;:&quot;yes&quot;,&quot;highlight_animation_duration&quot;:1200,&quot;highlight_iteration_delay&quot;:8000}\" data-widget_type=\"animated-headline.default\">\n\t\t\t\t\t\t\t<h3 class=\"elementor-headline\">\n\t\t\t\t\t<span class=\"elementor-headline-plain-text elementor-headline-text-wrapper\">Bienvenidos a <\/span>\n\t\t\t\t<span class=\"elementor-headline-dynamic-wrapper elementor-headline-text-wrapper\">\n\t\t\t\t\t<span class=\"elementor-headline-dynamic-text elementor-headline-text-active\">Goxo-Goxo<\/span>\n\t\t\t\t<\/span>\n\t\t\t\t<\/h3>\n\t\t\t\t\t\t<\/div>\n\t\t\t\t<div class=\"elementor-element elementor-element-f0f928e elementor-widget elementor-widget-heading\" data-id=\"f0f928e\" data-element_type=\"widget\" data-e-type=\"widget\" data-widget_type=\"heading.default\">\n\t\t\t\t\t<h2 class=\"elementor-heading-title elementor-size-default\">Venta de pan, caf\u00e9s y boller\u00eda<\/h2>\t\t\t\t<\/div>\n\t\t\t\t\t<\/div>\n\t\t\t\t<\/div>\n\t\t<div class=\"elementor-element elementor-element-8256d30 e-flex e-con-boxed e-con e-parent\" data-id=\"8256d30\" data-element_type=\"container\" data-e-type=\"container\">\n\t\t\t\t\t<div class=\"e-con-inner\">\n\t\t<div class=\"elementor-element elementor-element-e150ce3 e-con-full e-flex e-con e-child\" data-id=\"e150ce3\" data-element_type=\"container\" data-e-type=\"container\">\n\t\t\t\t<div class=\"elementor-element elementor-element-ff4cdb8 elementor-widget elementor-widget-heading\" data-id=\"ff4cdb8\" data-element_type=\"widget\" data-e-type=\"widget\" data-widget_type=\"heading.default\">\n\t\t\t\t\t<h2 class=\"elementor-heading-title elementor-size-default\">Sobre Nosotros<\/h2>\t\t\t\t<\/div>\n\t\t\t\t<div class=\"elementor-element elementor-element-4a6e6b6 elementor-widget elementor-widget-text-editor\" data-id=\"4a6e6b6\" data-element_type=\"widget\" data-e-type=\"widget\" data-widget_type=\"text-editor.default\">\n\t\t\t\t\t\t\t\t\t<p data-start=\"136\" data-end=\"476\">M\u00e1s de 15 a\u00f1os, elaboramos cada d\u00eda pan, boller\u00eda y pasteles frescos y artesanales en nuestra peque\u00f1a panader\u00eda y pasteler\u00eda en el centro de Ermua.<\/p><p data-start=\"136\" data-end=\"476\">Cada ma\u00f1ana te esperamos con el delicioso aroma del pan reci\u00e9n hecho y caf\u00e9s que reconfortan.\u00a0<\/p><p data-start=\"478\" data-end=\"653\">Nos especializamos en la venta de pan de todo tipo, boller\u00eda, tartas personalizadas y caf\u00e9s preparados con mimo.\u00a0<\/p>\t\t\t\t\t\t\t\t<\/div>\n\t\t\t\t<div class=\"elementor-element elementor-element-bc13bb2 elementor-widget elementor-widget-counter\" data-id=\"bc13bb2\" data-element_type=\"widget\" data-e-type=\"widget\" data-widget_type=\"counter.default\">\n\t\t\t\t\t\t\t<div class=\"elementor-counter\">\n\t\t\t<div class=\"elementor-counter-title\">A\u00f1os de Experencia<\/div>\t\t\t<div class=\"elementor-counter-number-wrapper\">\n\t\t\t\t<span class=\"elementor-counter-number-prefix\"><\/span>\n\t\t\t\t<span class=\"elementor-counter-number\" data-duration=\"2000\" data-to-value=\"15\" data-from-value=\"0\" data-delimiter=\",\">0<\/span>\n\t\t\t\t<span class=\"elementor-counter-number-suffix\">+<\/span>\n\t\t\t<\/div>\n\t\t<\/div>\n\t\t\t\t\t\t<\/div>\n\t\t\t\t<\/div>\n\t\t<div class=\"elementor-element elementor-element-92c9c7e e-con-full e-flex e-con e-child\" data-id=\"92c9c7e\" data-element_type=\"container\" data-e-type=\"container\" data-settings=\"{&quot;background_background&quot;:&quot;classic&quot;}\">\n\t\t\t\t<div class=\"elementor-element elementor-element-ab17ff9 elementor-widget elementor-widget-spacer\" data-id=\"ab17ff9\" data-element_type=\"widget\" data-e-type=\"widget\" data-widget_type=\"spacer.default\">\n\t\t\t\t\t\t\t<div class=\"elementor-spacer\">\n\t\t\t<div class=\"elementor-spacer-inner\"><\/div>\n\t\t<\/div>\n\t\t\t\t\t\t<\/div>\n\t\t\t\t<\/div>\n\t\t\t\t\t<\/div>\n\t\t\t\t<\/div>\n\t\t<div class=\"elementor-element elementor-element-e0dd387 e-flex e-con-boxed e-con e-parent\" data-id=\"e0dd387\" data-element_type=\"container\" data-e-type=\"container\" data-settings=\"{&quot;background_background&quot;:&quot;classic&quot;,&quot;background_motion_fx_motion_fx_scrolling&quot;:&quot;yes&quot;,&quot;background_motion_fx_translateY_effect&quot;:&quot;yes&quot;,&quot;background_motion_fx_translateY_speed&quot;:{&quot;unit&quot;:&quot;px&quot;,&quot;size&quot;:9.7,&quot;sizes&quot;:[]},&quot;background_motion_fx_translateY_affectedRange&quot;:{&quot;unit&quot;:&quot;%&quot;,&quot;size&quot;:&quot;&quot;,&quot;sizes&quot;:{&quot;start&quot;:0,&quot;end&quot;:100}},&quot;background_motion_fx_devices&quot;:[&quot;desktop&quot;,&quot;tablet&quot;,&quot;mobile&quot;]}\">\n\t\t\t\t\t<div class=\"e-con-inner\">\n\t\t\t\t<div class=\"elementor-element elementor-element-fe42d12 elementor-widget elementor-widget-heading\" data-id=\"fe42d12\" data-element_type=\"widget\" data-e-type=\"widget\" data-widget_type=\"heading.default\">\n\t\t\t\t\t<h2 class=\"elementor-heading-title elementor-size-default\">\u00bfTe gustar\u00eda un pedido a tu gusto o necesitas informaci\u00f3n? <\/h2>\t\t\t\t<\/div>\n\t\t\t\t<div class=\"elementor-element elementor-element-92dc88d elementor-align-center elementor-widget elementor-widget-button\" data-id=\"92dc88d\" data-element_type=\"widget\" data-e-type=\"widget\" data-widget_type=\"button.default\">\n\t\t\t\t\t\t\t\t\t\t<a class=\"elementor-button elementor-button-link elementor-size-sm\" href=\"tel:%20+34%20943%20174%20612\">\n\t\t\t\t\t\t<span class=\"elementor-button-content-wrapper\">\n\t\t\t\t\t\t\t\t\t<span class=\"elementor-button-text\">\u00a1Hablemos!<\/span>\n\t\t\t\t\t<\/span>\n\t\t\t\t\t<\/a>\n\t\t\t\t\t\t\t\t<\/div>\n\t\t\t\t\t<\/div>\n\t\t\t\t<\/div>\n\t\t<div class=\"elementor-element elementor-element-aa7e3c7 e-flex e-con-boxed e-con e-parent\" data-id=\"aa7e3c7\" data-element_type=\"container\" data-e-type=\"container\">\n\t\t\t\t\t<div class=\"e-con-inner\">\n\t\t<div class=\"elementor-element elementor-element-f29100f e-con-full e-flex e-con e-child\" data-id=\"f29100f\" data-element_type=\"container\" data-e-type=\"container\">\n\t\t\t\t<div class=\"elementor-element elementor-element-ca609b2 elementor-widget elementor-widget-heading\" data-id=\"ca609b2\" data-element_type=\"widget\" data-e-type=\"widget\" data-widget_type=\"heading.default\">\n\t\t\t\t\t<h2 class=\"elementor-heading-title elementor-size-default\">\u00bfQu\u00e9 puedes encontrar aqu\u00ed?<\/h2>\t\t\t\t<\/div>\n\t\t\t\t<\/div>\n\t\t<div class=\"elementor-element elementor-element-7466d47 e-con-full e-flex e-con e-child\" data-id=\"7466d47\" data-element_type=\"container\" data-e-type=\"container\">\n\t\t\t\t<div class=\"elementor-element elementor-element-4f1f512 elementor-align-justify elementor-widget elementor-widget-button\" data-id=\"4f1f512\" data-element_type=\"widget\" data-e-type=\"widget\" data-widget_type=\"button.default\">\n\t\t\t\t\t\t\t\t\t\t<a class=\"elementor-button elementor-size-sm\" role=\"button\">\n\t\t\t\t\t\t<span class=\"elementor-button-content-wrapper\">\n\t\t\t\t\t\t\t\t\t<span class=\"elementor-button-text\">Pan<\/span>\n\t\t\t\t\t<\/span>\n\t\t\t\t\t<\/a>\n\t\t\t\t\t\t\t\t<\/div>\n\t\t\t\t<\/div>\n\t\t<div class=\"elementor-element elementor-element-2332b75 e-con-full e-flex e-con e-child\" data-id=\"2332b75\" data-element_type=\"container\" data-e-type=\"container\">\n\t\t\t\t<div class=\"elementor-element elementor-element-fdbfa80 elementor-align-justify elementor-widget elementor-widget-button\" data-id=\"fdbfa80\" data-element_type=\"widget\" data-e-type=\"widget\" data-widget_type=\"button.default\">\n\t\t\t\t\t\t\t\t\t\t<a class=\"elementor-button elementor-size-sm\" role=\"button\">\n\t\t\t\t\t\t<span class=\"elementor-button-content-wrapper\">\n\t\t\t\t\t\t\t\t\t<span class=\"elementor-button-text\">boller\u00eda<\/span>\n\t\t\t\t\t<\/span>\n\t\t\t\t\t<\/a>\n\t\t\t\t\t\t\t\t<\/div>\n\t\t\t\t<\/div>\n\t\t<div class=\"elementor-element elementor-element-5c52f68 e-con-full e-flex e-con e-child\" data-id=\"5c52f68\" data-element_type=\"container\" data-e-type=\"container\">\n\t\t\t\t<div class=\"elementor-element elementor-element-06af891 elementor-align-justify elementor-widget elementor-widget-button\" data-id=\"06af891\" data-element_type=\"widget\" data-e-type=\"widget\" data-widget_type=\"button.default\">\n\t\t\t\t\t\t\t\t\t\t<a class=\"elementor-button elementor-size-sm\" role=\"button\">\n\t\t\t\t\t\t<span class=\"elementor-button-content-wrapper\">\n\t\t\t\t\t\t\t\t\t<span class=\"elementor-button-text\">caf\u00e9s<\/span>\n\t\t\t\t\t<\/span>\n\t\t\t\t\t<\/a>\n\t\t\t\t\t\t\t\t<\/div>\n\t\t\t\t<\/div>\n\t\t<div class=\"elementor-element elementor-element-5311b96 e-con-full e-flex e-con e-child\" data-id=\"5311b96\" data-element_type=\"container\" data-e-type=\"container\">\n\t\t\t\t<div class=\"elementor-element elementor-element-2593259 elementor-align-justify elementor-widget elementor-widget-button\" data-id=\"2593259\" data-element_type=\"widget\" data-e-type=\"widget\" data-widget_type=\"button.default\">\n\t\t\t\t\t\t\t\t\t\t<a class=\"elementor-button elementor-size-sm\" role=\"button\">\n\t\t\t\t\t\t<span class=\"elementor-button-content-wrapper\">\n\t\t\t\t\t\t\t\t\t<span class=\"elementor-button-text\">tartas personalizadas <\/span>\n\t\t\t\t\t<\/span>\n\t\t\t\t\t<\/a>\n\t\t\t\t\t\t\t\t<\/div>\n\t\t\t\t<\/div>\n\t\t\t\t\t<\/div>\n\t\t\t\t<\/div>\n\t\t\t\t<\/div>\n\t\t","protected":false},"excerpt":{"rendered":"<p>Bienvenidos a Goxo-Goxo Venta de pan, caf\u00e9s y boller\u00eda Sobre Nosotros M\u00e1s de 15 a\u00f1os, elaboramos cada d\u00eda pan, boller\u00eda y pasteles frescos y artesanales en nuestra peque\u00f1a panader\u00eda y pasteler\u00eda en el centro de Ermua. Cada ma\u00f1ana te esperamos con el delicioso aroma del pan reci\u00e9n hecho y caf\u00e9s que reconfortan.\u00a0 Nos especializamos en [&hellip;]<\/p>\n","protected":false},"author":1,"featured_media":0,"parent":0,"menu_order":0,"comment_status":"closed","ping_status":"closed","template":"elementor_canvas","meta":{"footnotes":""},"class_list":["post-2","page","type-page","status-publish","hentry"],"yoast_head":"<!-- This site is optimized with the Yoast SEO plugin v27.5 - https:\/\/yoast.com\/product\/yoast-seo-wordpress\/ -->\n<title>inicio - Goxo-Goxo<\/title>\n<meta name=\"robots\" content=\"index, follow, max-snippet:-1, max-image-preview:large, max-video-preview:-1\" \/>\n<link rel=\"canonical\" href=\"https:\/\/goxo-goxo.com\/eu\/\" \/>\n<meta property=\"og:locale\" content=\"en_US\" \/>\n<meta property=\"og:type\" content=\"article\" \/>\n<meta property=\"og:title\" content=\"inicio - Goxo-Goxo\" \/>\n<meta property=\"og:description\" content=\"Bienvenidos a Goxo-Goxo Venta de pan, caf\u00e9s y boller\u00eda Sobre Nosotros M\u00e1s de 15 a\u00f1os, elaboramos cada d\u00eda pan, boller\u00eda y pasteles frescos y artesanales en nuestra peque\u00f1a panader\u00eda y pasteler\u00eda en el centro de Ermua. Cada ma\u00f1ana te esperamos con el delicioso aroma del pan reci\u00e9n hecho y caf\u00e9s que reconfortan.\u00a0 Nos especializamos en [&hellip;]\" \/>\n<meta property=\"og:url\" content=\"https:\/\/goxo-goxo.com\/eu\/\" \/>\n<meta property=\"og:site_name\" content=\"Goxo-Goxo\" \/>\n<meta property=\"article:modified_time\" content=\"2025-07-21T13:06:07+00:00\" \/>\n<meta name=\"twitter:card\" content=\"summary_large_image\" \/>\n<meta name=\"twitter:label1\" content=\"Est. reading time\" \/>\n\t<meta name=\"twitter:data1\" content=\"1 minutua\" \/>\n<script type=\"application\/ld+json\" class=\"yoast-schema-graph\">{\"@context\":\"https:\\\/\\\/schema.org\",\"@graph\":[{\"@type\":\"WebPage\",\"@id\":\"https:\\\/\\\/goxo-goxo.com\\\/\",\"url\":\"https:\\\/\\\/goxo-goxo.com\\\/\",\"name\":\"inicio - Goxo-Goxo\",\"isPartOf\":{\"@id\":\"https:\\\/\\\/goxo-goxo.com\\\/#website\"},\"datePublished\":\"2025-07-18T07:44:52+00:00\",\"dateModified\":\"2025-07-21T13:06:07+00:00\",\"breadcrumb\":{\"@id\":\"https:\\\/\\\/goxo-goxo.com\\\/#breadcrumb\"},\"inLanguage\":\"eu\",\"potentialAction\":[{\"@type\":\"ReadAction\",\"target\":[\"https:\\\/\\\/goxo-goxo.com\\\/\"]}]},{\"@type\":\"BreadcrumbList\",\"@id\":\"https:\\\/\\\/goxo-goxo.com\\\/#breadcrumb\",\"itemListElement\":[{\"@type\":\"ListItem\",\"position\":1,\"name\":\"Portada\",\"item\":\"https:\\\/\\\/goxo-goxo.com\\\/\"},{\"@type\":\"ListItem\",\"position\":2,\"name\":\"inicio\"}]},{\"@type\":\"WebSite\",\"@id\":\"https:\\\/\\\/goxo-goxo.com\\\/#website\",\"url\":\"https:\\\/\\\/goxo-goxo.com\\\/\",\"name\":\"Goxo-Goxo\",\"description\":\"\",\"publisher\":{\"@id\":\"https:\\\/\\\/goxo-goxo.com\\\/#organization\"},\"potentialAction\":[{\"@type\":\"SearchAction\",\"target\":{\"@type\":\"EntryPoint\",\"urlTemplate\":\"https:\\\/\\\/goxo-goxo.com\\\/?s={search_term_string}\"},\"query-input\":{\"@type\":\"PropertyValueSpecification\",\"valueRequired\":true,\"valueName\":\"search_term_string\"}}],\"inLanguage\":\"eu\"},{\"@type\":\"Organization\",\"@id\":\"https:\\\/\\\/goxo-goxo.com\\\/#organization\",\"name\":\"Goxo-Goxo\",\"url\":\"https:\\\/\\\/goxo-goxo.com\\\/\",\"logo\":{\"@type\":\"ImageObject\",\"inLanguage\":\"eu\",\"@id\":\"https:\\\/\\\/goxo-goxo.com\\\/#\\\/schema\\\/logo\\\/image\\\/\",\"url\":\"https:\\\/\\\/goxo-goxo.com\\\/wp-content\\\/uploads\\\/2025\\\/07\\\/cropped-Imagen-de-WhatsApp-2025-07-18-a-las-09.21.44_e7dc50e2-01.png\",\"contentUrl\":\"https:\\\/\\\/goxo-goxo.com\\\/wp-content\\\/uploads\\\/2025\\\/07\\\/cropped-Imagen-de-WhatsApp-2025-07-18-a-las-09.21.44_e7dc50e2-01.png\",\"width\":500,\"height\":297,\"caption\":\"Goxo-Goxo\"},\"image\":{\"@id\":\"https:\\\/\\\/goxo-goxo.com\\\/#\\\/schema\\\/logo\\\/image\\\/\"}}]}<\/script>\n<!-- \/ Yoast SEO plugin. -->","yoast_head_json":{"title":"inicio - Goxo-Goxo","robots":{"index":"index","follow":"follow","max-snippet":"max-snippet:-1","max-image-preview":"max-image-preview:large","max-video-preview":"max-video-preview:-1"},"canonical":"https:\/\/goxo-goxo.com\/eu\/","og_locale":"en_US","og_type":"article","og_title":"inicio - Goxo-Goxo","og_description":"Bienvenidos a Goxo-Goxo Venta de pan, caf\u00e9s y boller\u00eda Sobre Nosotros M\u00e1s de 15 a\u00f1os, elaboramos cada d\u00eda pan, boller\u00eda y pasteles frescos y artesanales en nuestra peque\u00f1a panader\u00eda y pasteler\u00eda en el centro de Ermua. Cada ma\u00f1ana te esperamos con el delicioso aroma del pan reci\u00e9n hecho y caf\u00e9s que reconfortan.\u00a0 Nos especializamos en [&hellip;]","og_url":"https:\/\/goxo-goxo.com\/eu\/","og_site_name":"Goxo-Goxo","article_modified_time":"2025-07-21T13:06:07+00:00","twitter_card":"summary_large_image","twitter_misc":{"Est. reading time":"1 minutua"},"schema":{"@context":"https:\/\/schema.org","@graph":[{"@type":"WebPage","@id":"https:\/\/goxo-goxo.com\/","url":"https:\/\/goxo-goxo.com\/","name":"inicio - Goxo-Goxo","isPartOf":{"@id":"https:\/\/goxo-goxo.com\/#website"},"datePublished":"2025-07-18T07:44:52+00:00","dateModified":"2025-07-21T13:06:07+00:00","breadcrumb":{"@id":"https:\/\/goxo-goxo.com\/#breadcrumb"},"inLanguage":"eu","potentialAction":[{"@type":"ReadAction","target":["https:\/\/goxo-goxo.com\/"]}]},{"@type":"BreadcrumbList","@id":"https:\/\/goxo-goxo.com\/#breadcrumb","itemListElement":[{"@type":"ListItem","position":1,"name":"Portada","item":"https:\/\/goxo-goxo.com\/"},{"@type":"ListItem","position":2,"name":"inicio"}]},{"@type":"WebSite","@id":"https:\/\/goxo-goxo.com\/#website","url":"https:\/\/goxo-goxo.com\/","name":"Goxo-Goxora","description":"","publisher":{"@id":"https:\/\/goxo-goxo.com\/#organization"},"potentialAction":[{"@type":"SearchAction","target":{"@type":"EntryPoint","urlTemplate":"https:\/\/goxo-goxo.com\/?s={search_term_string}"},"query-input":{"@type":"PropertyValueSpecification","valueRequired":true,"valueName":"search_term_string"}}],"inLanguage":"eu"},{"@type":"Organization","@id":"https:\/\/goxo-goxo.com\/#organization","name":"Goxo-Goxora","url":"https:\/\/goxo-goxo.com\/","logo":{"@type":"ImageObject","inLanguage":"eu","@id":"https:\/\/goxo-goxo.com\/#\/schema\/logo\/image\/","url":"https:\/\/goxo-goxo.com\/wp-content\/uploads\/2025\/07\/cropped-Imagen-de-WhatsApp-2025-07-18-a-las-09.21.44_e7dc50e2-01.png","contentUrl":"https:\/\/goxo-goxo.com\/wp-content\/uploads\/2025\/07\/cropped-Imagen-de-WhatsApp-2025-07-18-a-las-09.21.44_e7dc50e2-01.png","width":500,"height":297,"caption":"Goxo-Goxo"},"image":{"@id":"https:\/\/goxo-goxo.com\/#\/schema\/logo\/image\/"}}]}},"_links":{"self":[{"href":"https:\/\/goxo-goxo.com\/eu\/wp-json\/wp\/v2\/pages\/2","targetHints":{"allow":["GET"]}}],"collection":[{"href":"https:\/\/goxo-goxo.com\/eu\/wp-json\/wp\/v2\/pages"}],"about":[{"href":"https:\/\/goxo-goxo.com\/eu\/wp-json\/wp\/v2\/types\/page"}],"author":[{"embeddable":true,"href":"https:\/\/goxo-goxo.com\/eu\/wp-json\/wp\/v2\/users\/1"}],"replies":[{"embeddable":true,"href":"https:\/\/goxo-goxo.com\/eu\/wp-json\/wp\/v2\/comments?post=2"}],"version-history":[{"count":157,"href":"https:\/\/goxo-goxo.com\/eu\/wp-json\/wp\/v2\/pages\/2\/revisions"}],"predecessor-version":[{"id":554,"href":"https:\/\/goxo-goxo.com\/eu\/wp-json\/wp\/v2\/pages\/2\/revisions\/554"}],"wp:attachment":[{"href":"https:\/\/goxo-goxo.com\/eu\/wp-json\/wp\/v2\/media?parent=2"}],"curies":[{"name":"wp","href":"https:\/\/api.w.org\/{rel}","templated":true}]}}