{"id":8,"date":"2025-07-18T07:54:20","date_gmt":"2025-07-18T07:54:20","guid":{"rendered":"https:\/\/goxo-goxo.rkinformatika.online\/?page_id=8"},"modified":"2025-07-21T12:33:46","modified_gmt":"2025-07-21T12:33:46","slug":"servicios","status":"publish","type":"page","link":"https:\/\/goxo-goxo.com\/eu\/servicios\/","title":{"rendered":"Zerbitzuak"},"content":{"rendered":"<div data-elementor-type=\"wp-page\" data-elementor-id=\"8\" class=\"elementor elementor-8\" data-elementor-post-type=\"page\">\n\t\t\t\t<div class=\"elementor-element elementor-element-e64b2ee e-flex e-con-boxed e-con e-parent\" data-id=\"e64b2ee\" data-element_type=\"container\" data-e-type=\"container\" data-settings=\"{&quot;background_background&quot;:&quot;classic&quot;}\">\n\t\t\t\t\t<div class=\"e-con-inner\">\n\t\t\t\t<div class=\"elementor-element elementor-element-32ccad0 elementor-icon-list--layout-inline elementor-align-center animated-slow elementor-list-item-link-full_width elementor-invisible elementor-widget elementor-widget-icon-list\" data-id=\"32ccad0\" data-element_type=\"widget\" data-e-type=\"widget\" data-settings=\"{&quot;_animation&quot;:&quot;zoomIn&quot;,&quot;_animation_delay&quot;:200}\" data-widget_type=\"icon-list.default\">\n\t\t\t\t\t\t\t<ul class=\"elementor-icon-list-items elementor-inline-items\">\n\t\t\t\t\t\t\t<li class=\"elementor-icon-list-item elementor-inline-item\">\n\t\t\t\t\t\t\t\t\t\t<span class=\"elementor-icon-list-text\">Hasiera<\/span>\n\t\t\t\t\t\t\t\t\t<\/li>\n\t\t\t\t\t\t\t\t<li class=\"elementor-icon-list-item elementor-inline-item\">\n\t\t\t\t\t\t\t\t\t\t\t<a href=\"\/eu\/contacto\/\">\n\n\t\t\t\t\t\t\t\t\t\t\t\t<span class=\"elementor-icon-list-icon\">\n\t\t\t\t\t\t\t<svg aria-hidden=\"true\" class=\"e-font-icon-svg e-fas-angle-right\" viewbox=\"0 0 256 512\" xmlns=\"http:\/\/www.w3.org\/2000\/svg\"><path d=\"M224.3 273l-136 136c-9.4 9.4-24.6 9.4-33.9 0l-22.6-22.6c-9.4-9.4-9.4-24.6 0-33.9l96.4-96.4-96.4-96.4c-9.4-9.4-9.4-24.6 0-33.9L54.3 103c9.4-9.4 24.6-9.4 33.9 0l136 136c9.5 9.4 9.5 24.6.1 34z\"><\/path><\/svg>\t\t\t\t\t\t<\/span>\n\t\t\t\t\t\t\t\t\t\t<span class=\"elementor-icon-list-text\">kontaktua<\/span>\n\t\t\t\t\t\t\t\t\t\t\t<\/a>\n\t\t\t\t\t\t\t\t\t<\/li>\n\t\t\t\t\t\t<\/ul>\n\t\t\t\t\t\t<\/div>\n\t\t\t\t\t<\/div>\n\t\t\t\t<\/div>\n\t\t<div class=\"elementor-element elementor-element-a083bff e-flex e-con-boxed e-con e-parent\" data-id=\"a083bff\" data-element_type=\"container\" data-e-type=\"container\">\n\t\t\t\t\t<div class=\"e-con-inner\">\n\t\t<div class=\"elementor-element elementor-element-68eef52 e-con-full e-flex e-con e-child\" data-id=\"68eef52\" data-element_type=\"container\" data-e-type=\"container\">\n\t\t\t\t<div class=\"elementor-element elementor-element-2819729 elementor-widget elementor-widget-heading\" data-id=\"2819729\" data-element_type=\"widget\" data-e-type=\"widget\" data-widget_type=\"heading.default\">\n\t\t\t\t\t<h2 class=\"elementor-heading-title elementor-size-default\">Goxo-Goxo especial<\/h2>\t\t\t\t<\/div>\n\t\t\t\t<div class=\"elementor-element elementor-element-f7fd0d1 elementor-widget elementor-widget-heading\" data-id=\"f7fd0d1\" data-element_type=\"widget\" data-e-type=\"widget\" data-widget_type=\"heading.default\">\n\t\t\t\t\t<h2 class=\"elementor-heading-title elementor-size-default\">Ogi, kafe eta opilen salmenta <\/h2>\t\t\t\t<\/div>\n\t\t\t\t<\/div>\n\t\t<div class=\"elementor-element elementor-element-a6c89ed e-con-full e-flex e-con e-child\" data-id=\"a6c89ed\" data-element_type=\"container\" data-e-type=\"container\">\n\t\t\t\t<div class=\"elementor-element elementor-element-0ee893c elementor-position-top elementor-widget elementor-widget-image-box\" data-id=\"0ee893c\" data-element_type=\"widget\" data-e-type=\"widget\" data-widget_type=\"image-box.default\">\n\t\t\t\t\t<div class=\"elementor-image-box-wrapper\"><figure class=\"elementor-image-box-img\"><img fetchpriority=\"high\" decoding=\"async\" width=\"1500\" height=\"1000\" src=\"https:\/\/goxo-goxo.com\/wp-content\/uploads\/2025\/07\/1.png\" class=\"elementor-animation-float attachment-2048x2048 size-2048x2048 wp-image-286\" alt=\"\" srcset=\"https:\/\/goxo-goxo.com\/wp-content\/uploads\/2025\/07\/1.png 1500w, https:\/\/goxo-goxo.com\/wp-content\/uploads\/2025\/07\/1-300x200.png 300w, https:\/\/goxo-goxo.com\/wp-content\/uploads\/2025\/07\/1-1024x683.png 1024w, https:\/\/goxo-goxo.com\/wp-content\/uploads\/2025\/07\/1-768x512.png 768w, https:\/\/goxo-goxo.com\/wp-content\/uploads\/2025\/07\/1-18x12.png 18w\" sizes=\"(max-width: 1500px) 100vw, 1500px\" \/><\/figure><div class=\"elementor-image-box-content\"><h3 class=\"elementor-image-box-title\">panes<\/h3><\/div><\/div>\t\t\t\t<\/div>\n\t\t\t\t<\/div>\n\t\t<div class=\"elementor-element elementor-element-d3ec0da e-con-full e-flex e-con e-child\" data-id=\"d3ec0da\" data-element_type=\"container\" data-e-type=\"container\">\n\t\t\t\t<div class=\"elementor-element elementor-element-a1f7e48 elementor-position-top elementor-widget elementor-widget-image-box\" data-id=\"a1f7e48\" data-element_type=\"widget\" data-e-type=\"widget\" data-widget_type=\"image-box.default\">\n\t\t\t\t\t<div class=\"elementor-image-box-wrapper\"><figure class=\"elementor-image-box-img\"><img decoding=\"async\" width=\"1500\" height=\"1000\" src=\"https:\/\/goxo-goxo.com\/wp-content\/uploads\/2025\/07\/2.png\" class=\"elementor-animation-float attachment-2048x2048 size-2048x2048 wp-image-287\" alt=\"\" srcset=\"https:\/\/goxo-goxo.com\/wp-content\/uploads\/2025\/07\/2.png 1500w, https:\/\/goxo-goxo.com\/wp-content\/uploads\/2025\/07\/2-300x200.png 300w, https:\/\/goxo-goxo.com\/wp-content\/uploads\/2025\/07\/2-1024x683.png 1024w, https:\/\/goxo-goxo.com\/wp-content\/uploads\/2025\/07\/2-768x512.png 768w, https:\/\/goxo-goxo.com\/wp-content\/uploads\/2025\/07\/2-18x12.png 18w\" sizes=\"(max-width: 1500px) 100vw, 1500px\" \/><\/figure><div class=\"elementor-image-box-content\"><h3 class=\"elementor-image-box-title\">opilak<\/h3><\/div><\/div>\t\t\t\t<\/div>\n\t\t\t\t<\/div>\n\t\t<div class=\"elementor-element elementor-element-7b8606b e-con-full e-flex e-con e-child\" data-id=\"7b8606b\" data-element_type=\"container\" data-e-type=\"container\">\n\t\t\t\t<div class=\"elementor-element elementor-element-affa830 elementor-position-top elementor-widget elementor-widget-image-box\" data-id=\"affa830\" data-element_type=\"widget\" data-e-type=\"widget\" data-widget_type=\"image-box.default\">\n\t\t\t\t\t<div class=\"elementor-image-box-wrapper\"><figure class=\"elementor-image-box-img\"><img decoding=\"async\" width=\"1500\" height=\"1000\" src=\"https:\/\/goxo-goxo.com\/wp-content\/uploads\/2025\/07\/3.png\" class=\"elementor-animation-float attachment-full size-full wp-image-288\" alt=\"\" srcset=\"https:\/\/goxo-goxo.com\/wp-content\/uploads\/2025\/07\/3.png 1500w, https:\/\/goxo-goxo.com\/wp-content\/uploads\/2025\/07\/3-300x200.png 300w, https:\/\/goxo-goxo.com\/wp-content\/uploads\/2025\/07\/3-1024x683.png 1024w, https:\/\/goxo-goxo.com\/wp-content\/uploads\/2025\/07\/3-768x512.png 768w, https:\/\/goxo-goxo.com\/wp-content\/uploads\/2025\/07\/3-18x12.png 18w\" sizes=\"(max-width: 1500px) 100vw, 1500px\" \/><\/figure><div class=\"elementor-image-box-content\"><h3 class=\"elementor-image-box-title\">kafeak<\/h3><\/div><\/div>\t\t\t\t<\/div>\n\t\t\t\t<\/div>\n\t\t<div class=\"elementor-element elementor-element-5d7b71c e-con-full e-flex e-con e-child\" data-id=\"5d7b71c\" data-element_type=\"container\" data-e-type=\"container\">\n\t\t\t\t<div class=\"elementor-element elementor-element-f6fda7d elementor-align-justify elementor-widget elementor-widget-button\" data-id=\"f6fda7d\" data-element_type=\"widget\" data-e-type=\"widget\" data-widget_type=\"button.default\">\n\t\t\t\t\t\t\t\t\t\t<a class=\"elementor-button elementor-size-sm\" role=\"button\">\n\t\t\t\t\t\t<span class=\"elementor-button-content-wrapper\">\n\t\t\t\t\t\t\t\t\t<span class=\"elementor-button-text\">tarta pertsonalizatuak <\/span>\n\t\t\t\t\t<\/span>\n\t\t\t\t\t<\/a>\n\t\t\t\t\t\t\t\t<\/div>\n\t\t\t\t<\/div>\n\t\t<div class=\"elementor-element elementor-element-6fba583 e-con-full e-flex e-con e-child\" data-id=\"6fba583\" data-element_type=\"container\" data-e-type=\"container\">\n\t\t\t\t<div class=\"elementor-element elementor-element-1227f94 elementor-align-justify elementor-mobile-align-center elementor-widget elementor-widget-button\" data-id=\"1227f94\" data-element_type=\"widget\" data-e-type=\"widget\" data-widget_type=\"button.default\">\n\t\t\t\t\t\t\t\t\t\t<a class=\"elementor-button elementor-button-link elementor-size-sm\" href=\"tel:%20943%20174%20612\">\n\t\t\t\t\t\t<span class=\"elementor-button-content-wrapper\">\n\t\t\t\t\t\t\t\t\t<span class=\"elementor-button-text\">Pedir<\/span>\n\t\t\t\t\t<\/span>\n\t\t\t\t\t<\/a>\n\t\t\t\t\t\t\t\t<\/div>\n\t\t\t\t<\/div>\n\t\t\t\t\t<\/div>\n\t\t\t\t<\/div>\n\t\t<div class=\"elementor-element elementor-element-9904e1c e-flex e-con-boxed e-con e-parent\" data-id=\"9904e1c\" data-element_type=\"container\" data-e-type=\"container\" data-settings=\"{&quot;background_background&quot;:&quot;classic&quot;}\">\n\t\t\t\t\t<div class=\"e-con-inner\">\n\t\t\t\t<div class=\"elementor-element elementor-element-47536a6 elementor-widget elementor-widget-heading\" data-id=\"47536a6\" data-element_type=\"widget\" data-e-type=\"widget\" data-widget_type=\"heading.default\">\n\t\t\t\t\t<h2 class=\"elementor-heading-title elementor-size-default\">\u00bfTienes alguna duda o quieres hacer un pedido especial?<\/h2>\t\t\t\t<\/div>\n\t\t\t\t<div class=\"elementor-element elementor-element-0c25452 elementor-align-center elementor-widget elementor-widget-button\" data-id=\"0c25452\" data-element_type=\"widget\" data-e-type=\"widget\" data-widget_type=\"button.default\">\n\t\t\t\t\t\t\t\t\t\t<a class=\"elementor-button elementor-button-link elementor-size-sm\" href=\"\/eu\/contacto\/\">\n\t\t\t\t\t\t<span class=\"elementor-button-content-wrapper\">\n\t\t\t\t\t\t\t\t\t<span class=\"elementor-button-text\">Contactar ahora<\/span>\n\t\t\t\t\t<\/span>\n\t\t\t\t\t<\/a>\n\t\t\t\t\t\t\t\t<\/div>\n\t\t\t\t\t<\/div>\n\t\t\t\t<\/div>\n\t\t\t\t<\/div>","protected":false},"excerpt":{"rendered":"<p>Inicio Contacto Goxo-Goxo especial Venta de pan, caf\u00e9s y boller\u00eda panes boller\u00eda caf\u00e9s tartas personalizadas Pedir \u00bfTienes alguna duda o quieres hacer un pedido especial? Contactar ahora<\/p>","protected":false},"author":1,"featured_media":0,"parent":0,"menu_order":0,"comment_status":"closed","ping_status":"closed","template":"elementor_canvas","meta":{"footnotes":""},"class_list":["post-8","page","type-page","status-publish","hentry"],"yoast_head":"<!-- This site is optimized with the Yoast SEO plugin v27.5 - https:\/\/yoast.com\/product\/yoast-seo-wordpress\/ -->\n<title>Servicios - Goxo-Goxo<\/title>\n<meta name=\"robots\" content=\"index, follow, max-snippet:-1, max-image-preview:large, max-video-preview:-1\" \/>\n<link rel=\"canonical\" href=\"https:\/\/goxo-goxo.com\/eu\/servicios\/\" \/>\n<meta property=\"og:locale\" content=\"en_US\" \/>\n<meta property=\"og:type\" content=\"article\" \/>\n<meta property=\"og:title\" content=\"Servicios - Goxo-Goxo\" \/>\n<meta property=\"og:description\" content=\"Inicio Contacto Goxo-Goxo especial Venta de pan, caf\u00e9s y boller\u00eda panes boller\u00eda caf\u00e9s tartas personalizadas Pedir \u00bfTienes alguna duda o quieres hacer un pedido especial? Contactar ahora\" \/>\n<meta property=\"og:url\" content=\"https:\/\/goxo-goxo.com\/eu\/servicios\/\" \/>\n<meta property=\"og:site_name\" content=\"Goxo-Goxo\" \/>\n<meta property=\"article:modified_time\" content=\"2025-07-21T12:33:46+00:00\" \/>\n<meta property=\"og:image\" content=\"https:\/\/goxo-goxo.com\/wp-content\/uploads\/2025\/07\/1.png\" \/>\n<meta name=\"twitter:card\" content=\"summary_large_image\" \/>\n<meta name=\"twitter:label1\" content=\"Est. reading time\" \/>\n\t<meta name=\"twitter:data1\" content=\"1 minutua\" \/>\n<script type=\"application\/ld+json\" class=\"yoast-schema-graph\">{\"@context\":\"https:\\\/\\\/schema.org\",\"@graph\":[{\"@type\":\"WebPage\",\"@id\":\"https:\\\/\\\/goxo-goxo.com\\\/servicios\\\/\",\"url\":\"https:\\\/\\\/goxo-goxo.com\\\/servicios\\\/\",\"name\":\"Servicios - Goxo-Goxo\",\"isPartOf\":{\"@id\":\"https:\\\/\\\/goxo-goxo.com\\\/#website\"},\"primaryImageOfPage\":{\"@id\":\"https:\\\/\\\/goxo-goxo.com\\\/servicios\\\/#primaryimage\"},\"image\":{\"@id\":\"https:\\\/\\\/goxo-goxo.com\\\/servicios\\\/#primaryimage\"},\"thumbnailUrl\":\"https:\\\/\\\/goxo-goxo.com\\\/wp-content\\\/uploads\\\/2025\\\/07\\\/1.png\",\"datePublished\":\"2025-07-18T07:54:20+00:00\",\"dateModified\":\"2025-07-21T12:33:46+00:00\",\"breadcrumb\":{\"@id\":\"https:\\\/\\\/goxo-goxo.com\\\/servicios\\\/#breadcrumb\"},\"inLanguage\":\"eu\",\"potentialAction\":[{\"@type\":\"ReadAction\",\"target\":[\"https:\\\/\\\/goxo-goxo.com\\\/servicios\\\/\"]}]},{\"@type\":\"ImageObject\",\"inLanguage\":\"eu\",\"@id\":\"https:\\\/\\\/goxo-goxo.com\\\/servicios\\\/#primaryimage\",\"url\":\"https:\\\/\\\/goxo-goxo.com\\\/wp-content\\\/uploads\\\/2025\\\/07\\\/1.png\",\"contentUrl\":\"https:\\\/\\\/goxo-goxo.com\\\/wp-content\\\/uploads\\\/2025\\\/07\\\/1.png\"},{\"@type\":\"BreadcrumbList\",\"@id\":\"https:\\\/\\\/goxo-goxo.com\\\/servicios\\\/#breadcrumb\",\"itemListElement\":[{\"@type\":\"ListItem\",\"position\":1,\"name\":\"Portada\",\"item\":\"https:\\\/\\\/goxo-goxo.com\\\/\"},{\"@type\":\"ListItem\",\"position\":2,\"name\":\"Servicios\"}]},{\"@type\":\"WebSite\",\"@id\":\"https:\\\/\\\/goxo-goxo.com\\\/#website\",\"url\":\"https:\\\/\\\/goxo-goxo.com\\\/\",\"name\":\"Goxo-Goxo\",\"description\":\"\",\"publisher\":{\"@id\":\"https:\\\/\\\/goxo-goxo.com\\\/#organization\"},\"potentialAction\":[{\"@type\":\"SearchAction\",\"target\":{\"@type\":\"EntryPoint\",\"urlTemplate\":\"https:\\\/\\\/goxo-goxo.com\\\/?s={search_term_string}\"},\"query-input\":{\"@type\":\"PropertyValueSpecification\",\"valueRequired\":true,\"valueName\":\"search_term_string\"}}],\"inLanguage\":\"eu\"},{\"@type\":\"Organization\",\"@id\":\"https:\\\/\\\/goxo-goxo.com\\\/#organization\",\"name\":\"Goxo-Goxo\",\"url\":\"https:\\\/\\\/goxo-goxo.com\\\/\",\"logo\":{\"@type\":\"ImageObject\",\"inLanguage\":\"eu\",\"@id\":\"https:\\\/\\\/goxo-goxo.com\\\/#\\\/schema\\\/logo\\\/image\\\/\",\"url\":\"https:\\\/\\\/goxo-goxo.com\\\/wp-content\\\/uploads\\\/2025\\\/07\\\/cropped-Imagen-de-WhatsApp-2025-07-18-a-las-09.21.44_e7dc50e2-01.png\",\"contentUrl\":\"https:\\\/\\\/goxo-goxo.com\\\/wp-content\\\/uploads\\\/2025\\\/07\\\/cropped-Imagen-de-WhatsApp-2025-07-18-a-las-09.21.44_e7dc50e2-01.png\",\"width\":500,\"height\":297,\"caption\":\"Goxo-Goxo\"},\"image\":{\"@id\":\"https:\\\/\\\/goxo-goxo.com\\\/#\\\/schema\\\/logo\\\/image\\\/\"}}]}<\/script>\n<!-- \/ Yoast SEO plugin. -->","yoast_head_json":{"title":"Servicios - Goxo-Goxo","robots":{"index":"index","follow":"follow","max-snippet":"max-snippet:-1","max-image-preview":"max-image-preview:large","max-video-preview":"max-video-preview:-1"},"canonical":"https:\/\/goxo-goxo.com\/eu\/servicios\/","og_locale":"en_US","og_type":"article","og_title":"Servicios - Goxo-Goxo","og_description":"Inicio Contacto Goxo-Goxo especial Venta de pan, caf\u00e9s y boller\u00eda panes boller\u00eda caf\u00e9s tartas personalizadas Pedir \u00bfTienes alguna duda o quieres hacer un pedido especial? Contactar ahora","og_url":"https:\/\/goxo-goxo.com\/eu\/servicios\/","og_site_name":"Goxo-Goxo","article_modified_time":"2025-07-21T12:33:46+00:00","og_image":[{"url":"https:\/\/goxo-goxo.com\/wp-content\/uploads\/2025\/07\/1.png","type":"","width":"","height":""}],"twitter_card":"summary_large_image","twitter_misc":{"Est. reading time":"1 minutua"},"schema":{"@context":"https:\/\/schema.org","@graph":[{"@type":"WebPage","@id":"https:\/\/goxo-goxo.com\/servicios\/","url":"https:\/\/goxo-goxo.com\/servicios\/","name":"Servicios - Goxo-Goxo","isPartOf":{"@id":"https:\/\/goxo-goxo.com\/#website"},"primaryImageOfPage":{"@id":"https:\/\/goxo-goxo.com\/servicios\/#primaryimage"},"image":{"@id":"https:\/\/goxo-goxo.com\/servicios\/#primaryimage"},"thumbnailUrl":"https:\/\/goxo-goxo.com\/wp-content\/uploads\/2025\/07\/1.png","datePublished":"2025-07-18T07:54:20+00:00","dateModified":"2025-07-21T12:33:46+00:00","breadcrumb":{"@id":"https:\/\/goxo-goxo.com\/servicios\/#breadcrumb"},"inLanguage":"eu","potentialAction":[{"@type":"ReadAction","target":["https:\/\/goxo-goxo.com\/servicios\/"]}]},{"@type":"ImageObject","inLanguage":"eu","@id":"https:\/\/goxo-goxo.com\/servicios\/#primaryimage","url":"https:\/\/goxo-goxo.com\/wp-content\/uploads\/2025\/07\/1.png","contentUrl":"https:\/\/goxo-goxo.com\/wp-content\/uploads\/2025\/07\/1.png"},{"@type":"BreadcrumbList","@id":"https:\/\/goxo-goxo.com\/servicios\/#breadcrumb","itemListElement":[{"@type":"ListItem","position":1,"name":"Portada","item":"https:\/\/goxo-goxo.com\/"},{"@type":"ListItem","position":2,"name":"Servicios"}]},{"@type":"WebSite","@id":"https:\/\/goxo-goxo.com\/#website","url":"https:\/\/goxo-goxo.com\/","name":"Goxo-Goxora","description":"","publisher":{"@id":"https:\/\/goxo-goxo.com\/#organization"},"potentialAction":[{"@type":"SearchAction","target":{"@type":"EntryPoint","urlTemplate":"https:\/\/goxo-goxo.com\/?s={search_term_string}"},"query-input":{"@type":"PropertyValueSpecification","valueRequired":true,"valueName":"search_term_string"}}],"inLanguage":"eu"},{"@type":"Organization","@id":"https:\/\/goxo-goxo.com\/#organization","name":"Goxo-Goxora","url":"https:\/\/goxo-goxo.com\/","logo":{"@type":"ImageObject","inLanguage":"eu","@id":"https:\/\/goxo-goxo.com\/#\/schema\/logo\/image\/","url":"https:\/\/goxo-goxo.com\/wp-content\/uploads\/2025\/07\/cropped-Imagen-de-WhatsApp-2025-07-18-a-las-09.21.44_e7dc50e2-01.png","contentUrl":"https:\/\/goxo-goxo.com\/wp-content\/uploads\/2025\/07\/cropped-Imagen-de-WhatsApp-2025-07-18-a-las-09.21.44_e7dc50e2-01.png","width":500,"height":297,"caption":"Goxo-Goxo"},"image":{"@id":"https:\/\/goxo-goxo.com\/#\/schema\/logo\/image\/"}}]}},"_links":{"self":[{"href":"https:\/\/goxo-goxo.com\/eu\/wp-json\/wp\/v2\/pages\/8","targetHints":{"allow":["GET"]}}],"collection":[{"href":"https:\/\/goxo-goxo.com\/eu\/wp-json\/wp\/v2\/pages"}],"about":[{"href":"https:\/\/goxo-goxo.com\/eu\/wp-json\/wp\/v2\/types\/page"}],"author":[{"embeddable":true,"href":"https:\/\/goxo-goxo.com\/eu\/wp-json\/wp\/v2\/users\/1"}],"replies":[{"embeddable":true,"href":"https:\/\/goxo-goxo.com\/eu\/wp-json\/wp\/v2\/comments?post=8"}],"version-history":[{"count":169,"href":"https:\/\/goxo-goxo.com\/eu\/wp-json\/wp\/v2\/pages\/8\/revisions"}],"predecessor-version":[{"id":401,"href":"https:\/\/goxo-goxo.com\/eu\/wp-json\/wp\/v2\/pages\/8\/revisions\/401"}],"wp:attachment":[{"href":"https:\/\/goxo-goxo.com\/eu\/wp-json\/wp\/v2\/media?parent=8"}],"curies":[{"name":"wp","href":"https:\/\/api.w.org\/{rel}","templated":true}]}}